{"id":12,"date":"2026-03-28T07:00:45","date_gmt":"2026-03-28T07:00:45","guid":{"rendered":"http:\/\/30hskiki.org\/?page_id=12"},"modified":"2026-04-01T09:39:50","modified_gmt":"2026-04-01T08:39:50","slug":"contact","status":"publish","type":"page","link":"https:\/\/30hskiki.org\/index.php\/contact\/","title":{"rendered":"Contact"},"content":{"rendered":"\n<p>Secretary of the Meeting<\/p>\n\n\n\n<p><strong>Nevena Mil\u010di\u0107<\/strong><\/p>\n\n\n\n<p>University of Zagreb<\/p>\n\n\n\n<p>Faculty of Chemical Engineering and Technology<\/p>\n\n\n\n<p>Trg Marka Maruli\u0107a 19, HR-10 000, Zagreb, Croatia<\/p>\n\n\n\n<p>Phone: +385 1 4597 101<\/p>\n\n\n\n<p>e-mail: <a href=\"mailto:hskiki@fkit.unizg.hr\">hskiki@fkit.unizg.hr<\/a><\/p>\n\n\n\n<p><\/p>\n\n\n\n<h1>Get in Touch<\/h1>\n\n\n<div class=\"wpforms-container wpforms-container-full wpforms-block wpforms-block-991922c4-e76b-4422-b48b-45d9763c3437 wpforms-render-modern\" id=\"wpforms-194\"><form id=\"wpforms-form-194\" class=\"wpforms-validate wpforms-form wpforms-ajax-form\" data-formid=\"194\" method=\"post\" enctype=\"multipart\/form-data\" action=\"\/index.php\/wp-json\/wp\/v2\/pages\/12\" data-token=\"1ed080246fa55f6de8e3f7bb8e8a5f2a\" data-token-time=\"1778769765\"><noscript class=\"wpforms-error-noscript\">Please enable JavaScript in your browser to complete this form.<\/noscript><div id=\"wpforms-error-noscript\" style=\"display: none;\">Please enable JavaScript in your browser to complete this form.<\/div><div class=\"wpforms-field-container\">\t\t<div id=\"wpforms-194-field_2-container\"\n\t\t\tclass=\"wpforms-field wpforms-field-text\"\n\t\t\tdata-field-type=\"text\"\n\t\t\tdata-field-id=\"2\"\n\t\t\t>\n\t\t\t<label class=\"wpforms-field-label\" for=\"wpforms-194-field_2\" >Name Email Subject<\/label>\n\t\t\t<input type=\"text\" id=\"wpforms-194-field_2\" class=\"wpforms-field-medium\" name=\"wpforms[fields][2]\" >\n\t\t<\/div>\n\t\t<div id=\"wpforms-194-field_1-container\" class=\"wpforms-field wpforms-field-text text-left\" data-field-id=\"1\"><label class=\"wpforms-field-label\" for=\"wpforms-194-field_1\">Name <span class=\"wpforms-required-label\" aria-hidden=\"true\">*<\/span><\/label><input type=\"text\" id=\"wpforms-194-field_1\" class=\"wpforms-field-large wpforms-field-required\" name=\"wpforms[fields][1]\" aria-errormessage=\"wpforms-194-field_1-error\" required><\/div><div id=\"wpforms-194-field_3-container\" class=\"wpforms-field wpforms-field-email text-left\" data-field-id=\"3\"><label class=\"wpforms-field-label\" for=\"wpforms-194-field_3\">Email <span class=\"wpforms-required-label\" aria-hidden=\"true\">*<\/span><\/label><input type=\"email\" id=\"wpforms-194-field_3\" class=\"wpforms-field-large wpforms-field-required\" name=\"wpforms[fields][3]\" spellcheck=\"false\" aria-errormessage=\"wpforms-194-field_3-error\" required><\/div><div id=\"wpforms-194-field_4-container\" class=\"wpforms-field wpforms-field-text text-left\" data-field-id=\"4\"><label class=\"wpforms-field-label\" for=\"wpforms-194-field_4\">Subject <span class=\"wpforms-required-label\" aria-hidden=\"true\">*<\/span><\/label><input type=\"text\" id=\"wpforms-194-field_4\" class=\"wpforms-field-large wpforms-field-required\" name=\"wpforms[fields][4]\" aria-errormessage=\"wpforms-194-field_4-error\" required><\/div><div id=\"wpforms-194-field_5-container\" class=\"wpforms-field wpforms-field-textarea text-left\" data-field-id=\"5\"><label class=\"wpforms-field-label\" for=\"wpforms-194-field_5\">Message<\/label><textarea id=\"wpforms-194-field_5\" class=\"wpforms-field-large\" name=\"wpforms[fields][5]\" aria-errormessage=\"wpforms-194-field_5-error\" ><\/textarea><\/div><script>\n\t\t\t\t( function() {\n\t\t\t\t\tconst style = document.createElement( 'style' );\n\t\t\t\t\tstyle.appendChild( document.createTextNode( '#wpforms-194-field_2-container { position: absolute !important; overflow: hidden !important; display: inline !important; height: 1px !important; width: 1px !important; z-index: -1000 !important; padding: 0 !important; } #wpforms-194-field_2-container input { visibility: hidden; } #wpforms-conversational-form-page #wpforms-194-field_2-container label { counter-increment: none; }' ) );\n\t\t\t\t\tdocument.head.appendChild( style );\n\t\t\t\t\tdocument.currentScript?.remove();\n\t\t\t\t} )();\n\t\t\t<\/script><\/div><!-- .wpforms-field-container --><div class=\"wpforms-recaptcha-container wpforms-is-recaptcha wpforms-is-recaptcha-type-v3\" ><input type=\"hidden\" name=\"wpforms[recaptcha]\" value=\"\"><\/div><div class=\"wpforms-submit-container\" ><input type=\"hidden\" name=\"wpforms[id]\" value=\"194\"><input type=\"hidden\" name=\"page_title\" value=\"\"><input type=\"hidden\" name=\"page_url\" value=\"https:\/\/30hskiki.org\/index.php\/wp-json\/wp\/v2\/pages\/12\"><input type=\"hidden\" name=\"url_referer\" value=\"\"><button type=\"submit\" name=\"wpforms[submit]\" id=\"wpforms-submit-194\" class=\"wpforms-submit\" data-alt-text=\"Sending...\" data-submit-text=\"Submit\" aria-live=\"assertive\" value=\"wpforms-submit\">Submit<\/button><img loading=\"lazy\" src=\"https:\/\/30hskiki.org\/wp-content\/plugins\/wpforms-lite\/assets\/images\/submit-spin.svg\" class=\"wpforms-submit-spinner\" style=\"display: none;\" width=\"26\" height=\"26\" alt=\"Loading\"><\/div><\/form><\/div>  <!-- .wpforms-container -->","protected":false},"excerpt":{"rendered":"<p>Secretary of the Meeting Nevena Mil\u010di\u0107 University of Zagreb Faculty of Chemical Engineering and Technology Trg Marka Maruli\u0107a 19, HR-10 000, Zagreb, Croatia Phone: +385 1 4597 101 e-mail: hskiki@fkit.unizg.hr Get in Touch<\/p>\n","protected":false},"author":1,"featured_media":0,"parent":0,"menu_order":0,"comment_status":"closed","ping_status":"closed","template":"","meta":[],"_links":{"self":[{"href":"https:\/\/30hskiki.org\/index.php\/wp-json\/wp\/v2\/pages\/12"}],"collection":[{"href":"https:\/\/30hskiki.org\/index.php\/wp-json\/wp\/v2\/pages"}],"about":[{"href":"https:\/\/30hskiki.org\/index.php\/wp-json\/wp\/v2\/types\/page"}],"author":[{"embeddable":true,"href":"https:\/\/30hskiki.org\/index.php\/wp-json\/wp\/v2\/users\/1"}],"replies":[{"embeddable":true,"href":"https:\/\/30hskiki.org\/index.php\/wp-json\/wp\/v2\/comments?post=12"}],"version-history":[{"count":6,"href":"https:\/\/30hskiki.org\/index.php\/wp-json\/wp\/v2\/pages\/12\/revisions"}],"predecessor-version":[{"id":201,"href":"https:\/\/30hskiki.org\/index.php\/wp-json\/wp\/v2\/pages\/12\/revisions\/201"}],"wp:attachment":[{"href":"https:\/\/30hskiki.org\/index.php\/wp-json\/wp\/v2\/media?parent=12"}],"curies":[{"name":"wp","href":"https:\/\/api.w.org\/{rel}","templated":true}]}}