{"id":14,"date":"2026-03-28T07:00:55","date_gmt":"2026-03-28T07:00:55","guid":{"rendered":"http:\/\/30hskiki.org\/?page_id=14"},"modified":"2026-03-28T12:43:05","modified_gmt":"2026-03-28T12:43:05","slug":"organizers","status":"publish","type":"page","link":"https:\/\/30hskiki.org\/index.php\/organizers\/","title":{"rendered":"Organizers"},"content":{"rendered":"\n<div class=\"wp-container-3 wp-block-columns\">\n<div class=\"wp-container-1 wp-block-column\"><div class=\"wp-block-image\">\n<figure class=\"aligncenter size-full is-resized\"><img loading=\"lazy\" src=\"https:\/\/30hskiki.org\/wp-content\/uploads\/2026\/03\/Logo_HDKI.png\" alt=\"\" class=\"wp-image-24\" width=\"122\" height=\"75\" srcset=\"https:\/\/30hskiki.org\/wp-content\/uploads\/2026\/03\/Logo_HDKI.png 691w, https:\/\/30hskiki.org\/wp-content\/uploads\/2026\/03\/Logo_HDKI-300x184.png 300w\" sizes=\"(max-width: 122px) 100vw, 122px\" \/><\/figure><\/div>\n\n\n<div style=\"height:15px\" aria-hidden=\"true\" class=\"wp-block-spacer\"><\/div>\n\n\n\n<h5 class=\"has-text-align-center\"><strong>Croatian Society of Chemical Engineers&nbsp;<\/strong><\/h5>\n<\/div>\n\n\n\n<div class=\"wp-container-2 wp-block-column\"><div class=\"wp-block-image\">\n<figure class=\"aligncenter size-full is-resized\"><img loading=\"lazy\" src=\"https:\/\/30hskiki.org\/wp-content\/uploads\/2026\/03\/Logo_HKD-1.png\" alt=\"\" class=\"wp-image-27\" width=\"75\" height=\"75\" srcset=\"https:\/\/30hskiki.org\/wp-content\/uploads\/2026\/03\/Logo_HKD-1.png 431w, https:\/\/30hskiki.org\/wp-content\/uploads\/2026\/03\/Logo_HKD-1-300x300.png 300w, https:\/\/30hskiki.org\/wp-content\/uploads\/2026\/03\/Logo_HKD-1-150x150.png 150w\" sizes=\"(max-width: 75px) 100vw, 75px\" \/><\/figure><\/div>\n\n\n<div style=\"height:15px\" aria-hidden=\"true\" class=\"wp-block-spacer\"><\/div>\n\n\n\n<h5 class=\"has-text-align-center\"><strong>Croatian Chemical Society<\/strong><\/h5>\n<\/div>\n<\/div>\n\n\n\n<div style=\"height:50px\" aria-hidden=\"true\" class=\"wp-block-spacer\"><\/div>\n\n\n\n<h2 class=\"wp-block-heading\"><strong>Scientific and Organizing Committee<\/strong><\/h2>\n\n\n\n<p>Marko Rogo\u0161i\u0107 (<em>chair<\/em>)<\/p>\n\n\n\n<p>Nikola Bregovi\u0107 (<em>vice-chair<\/em>)<\/p>\n\n\n\n<p>Nevena Mil\u010di\u0107 (<em>secretary<\/em>)<\/p>\n\n\n\n<p>Zdenko Bla\u017eekovi\u0107<\/p>\n\n\n\n<p>Vladimir Damjanovi\u0107<\/p>\n\n\n\n<p>Irena Dokli<\/p>\n\n\n\n<p>Tatjana&nbsp;Gazivoda Kraljevi\u0107<\/p>\n\n\n\n<p>Matija Gredi\u010dak<\/p>\n\n\n\n<p>Dajana&nbsp;Ku\u010di\u0107 Grgi\u0107<\/p>\n\n\n\n<p>Dra\u017ean Jozi\u0107<\/p>\n\n\n\n<p>Martina Manenica<\/p>\n\n\n\n<p>Aleksandra&nbsp;Mar\u0161avelski<\/p>\n\n\n\n<p>Olgica Martinis<\/p>\n\n\n\n<p>Ivana Radoj\u010di\u0107 Redovnikovi\u0107<\/p>\n\n\n\n<p>Mirta Rub\u010di\u0107<\/p>\n\n\n\n<p>\u0110ani \u0160kalamera<\/p>\n\n\n\n<p>Irena \u0160kori\u0107<\/p>\n\n\n\n<p>Vesna Toma\u0161i\u0107<\/p>\n\n\n\n<p>Marina Tranfi\u0107 Baki\u0107<\/p>\n\n\n\n<p>Adrijana&nbsp;Vinter<\/p>\n\n\n\n<p>Krunoslav \u017di\u017eek<\/p>\n\n\n\n<div style=\"height:50px\" aria-hidden=\"true\" class=\"wp-block-spacer\"><\/div>\n\n\n\n<h2 class=\"wp-block-heading\"><strong><strong>International Scientific Board<\/strong><\/strong><\/h2>\n\n\n\n<p>To be announced<\/p>\n","protected":false},"excerpt":{"rendered":"<p>Croatian Society of Chemical Engineers&nbsp; Croatian Chemical Society Scientific and Organizing Committee Marko Rogo\u0161i\u0107 (chair) Nikola Bregovi\u0107 (vice-chair) Nevena Mil\u010di\u0107 (secretary) Zdenko Bla\u017eekovi\u0107 Vladimir Damjanovi\u0107 Irena Dokli Tatjana&nbsp;Gazivoda Kraljevi\u0107 Matija Gredi\u010dak Dajana&nbsp;Ku\u010di\u0107 Grgi\u0107 Dra\u017ean Jozi\u0107 Martina Manenica Aleksandra&nbsp;Mar\u0161avelski Olgica Martinis Ivana Radoj\u010di\u0107 Redovnikovi\u0107 Mirta Rub\u010di\u0107 \u0110ani \u0160kalamera Irena \u0160kori\u0107 Vesna Toma\u0161i\u0107 Marina Tranfi\u0107 Baki\u0107 Adrijana&nbsp;Vinter [&hellip;]<\/p>\n","protected":false},"author":1,"featured_media":0,"parent":0,"menu_order":0,"comment_status":"closed","ping_status":"closed","template":"","meta":[],"_links":{"self":[{"href":"https:\/\/30hskiki.org\/index.php\/wp-json\/wp\/v2\/pages\/14"}],"collection":[{"href":"https:\/\/30hskiki.org\/index.php\/wp-json\/wp\/v2\/pages"}],"about":[{"href":"https:\/\/30hskiki.org\/index.php\/wp-json\/wp\/v2\/types\/page"}],"author":[{"embeddable":true,"href":"https:\/\/30hskiki.org\/index.php\/wp-json\/wp\/v2\/users\/1"}],"replies":[{"embeddable":true,"href":"https:\/\/30hskiki.org\/index.php\/wp-json\/wp\/v2\/comments?post=14"}],"version-history":[{"count":5,"href":"https:\/\/30hskiki.org\/index.php\/wp-json\/wp\/v2\/pages\/14\/revisions"}],"predecessor-version":[{"id":32,"href":"https:\/\/30hskiki.org\/index.php\/wp-json\/wp\/v2\/pages\/14\/revisions\/32"}],"wp:attachment":[{"href":"https:\/\/30hskiki.org\/index.php\/wp-json\/wp\/v2\/media?parent=14"}],"curies":[{"name":"wp","href":"https:\/\/api.w.org\/{rel}","templated":true}]}}